{"id":658,"date":"2024-03-19T14:12:39","date_gmt":"2024-03-19T14:12:39","guid":{"rendered":"https:\/\/frankfurter-sportstiftung.de\/?page_id=658"},"modified":"2026-01-29T16:47:14","modified_gmt":"2026-01-29T16:47:14","slug":"der-schirmherr","status":"publish","type":"page","link":"https:\/\/frankfurter-sportstiftung.de\/index.php\/der-schirmherr\/","title":{"rendered":"Der Schirmherr"},"content":{"rendered":"[vc_row type=&#8220;in_container&#8220; full_screen_row_position=&#8220;middle&#8220; column_margin=&#8220;default&#8220; column_direction=&#8220;default&#8220; column_direction_tablet=&#8220;default&#8220; column_direction_phone=&#8220;default&#8220; scene_position=&#8220;center&#8220; text_color=&#8220;dark&#8220; text_align=&#8220;left&#8220; row_border_radius=&#8220;none&#8220; row_border_radius_applies=&#8220;bg&#8220; overflow=&#8220;visible&#8220; overlay_strength=&#8220;0.3&#8243; gradient_direction=&#8220;left_to_right&#8220; shape_divider_position=&#8220;bottom&#8220; bg_image_animation=&#8220;none&#8220;][vc_column column_padding=&#8220;no-extra-padding&#8220; column_padding_tablet=&#8220;inherit&#8220; column_padding_phone=&#8220;inherit&#8220; column_padding_position=&#8220;all&#8220; column_element_spacing=&#8220;default&#8220; background_color_opacity=&#8220;1&#8243; background_hover_color_opacity=&#8220;1&#8243; column_shadow=&#8220;none&#8220; column_border_radius=&#8220;none&#8220; column_link_target=&#8220;_self&#8220; column_position=&#8220;default&#8220; gradient_direction=&#8220;left_to_right&#8220; overlay_strength=&#8220;0.3&#8243; width=&#8220;1\/1&#8243; tablet_width_inherit=&#8220;default&#8220; tablet_text_alignment=&#8220;default&#8220; phone_text_alignment=&#8220;default&#8220; animation_type=&#8220;default&#8220; bg_image_animation=&#8220;none&#8220; border_type=&#8220;simple&#8220; column_border_width=&#8220;none&#8220; column_border_style=&#8220;solid&#8220;][vc_column_text]\n<h2>Der Schirmherr der Frankfurter Sportstiftung<\/h2>\n<h4>Engagement f\u00fcr die Sportstadt Frankfurt<\/h4>\n[\/vc_column_text][\/vc_column][\/vc_row][vc_row type=&#8220;in_container&#8220; full_screen_row_position=&#8220;middle&#8220; column_margin=&#8220;default&#8220; column_direction=&#8220;default&#8220; column_direction_tablet=&#8220;default&#8220; column_direction_phone=&#8220;default&#8220; scene_position=&#8220;center&#8220; text_color=&#8220;dark&#8220; text_align=&#8220;left&#8220; row_border_radius=&#8220;none&#8220; row_border_radius_applies=&#8220;bg&#8220; overflow=&#8220;visible&#8220; advanced_gradient_angle=&#8220;0&#8243; overlay_strength=&#8220;0.3&#8243; gradient_direction=&#8220;left_to_right&#8220; shape_divider_position=&#8220;bottom&#8220; bg_image_animation=&#8220;none&#8220; gradient_type=&#8220;default&#8220; shape_type=&#8220;&#8220;][vc_column column_padding=&#8220;no-extra-padding&#8220; column_padding_tablet=&#8220;inherit&#8220; column_padding_phone=&#8220;inherit&#8220; column_padding_position=&#8220;all&#8220; column_element_spacing=&#8220;default&#8220; background_color_opacity=&#8220;1&#8243; background_hover_color_opacity=&#8220;1&#8243; column_shadow=&#8220;none&#8220; column_border_radius=&#8220;none&#8220; column_link_target=&#8220;_self&#8220; column_position=&#8220;default&#8220; gradient_direction=&#8220;left_to_right&#8220; overlay_strength=&#8220;0.3&#8243; width=&#8220;1\/2&#8243; tablet_width_inherit=&#8220;default&#8220; tablet_text_alignment=&#8220;default&#8220; phone_text_alignment=&#8220;default&#8220; animation_type=&#8220;default&#8220; bg_image_animation=&#8220;none&#8220; border_type=&#8220;simple&#8220; column_border_width=&#8220;none&#8220; column_border_style=&#8220;solid&#8220;][divider line_type=&#8220;No Line&#8220; custom_height=&#8220;32px&#8220;][vc_column_text]Als Schirmherr unterst\u00fctzt Oberb\u00fcrgermeister Mike Josef die Arbeit der Frankfurter SportStiftung und setzt ein klares Zeichen f\u00fcr die Bedeutung des Leistungs- und Nachwuchssports in unserer Stadt. Seine Worte unterstreichen, wie wichtig ein starkes Umfeld f\u00fcr die Entwicklung junger Talente ist.[\/vc_column_text][nectar_single_testimonial testimonial_style=&#8220;basic&#8220; text_color=&#8220;#dd3333&#8243; quote=&#8220;\u201eSport hat in meinem Leben schon immer eine sehr wichtige Rolle gespielt, als Jugendlicher habe ich selber jahrelang f\u00fcr den SSV Ulm Fu\u00dfball gespielt. Seitdem wei\u00df ich, dass Sport die Menschen quer durch alle Ebenen der Gesellschaft erreicht, sie verbindet und auch individuelle M\u00f6glichkeiten er\u00f6ffnet.<br \/>\nLeistungssport auf h\u00f6chstem Niveau treiben zu k\u00f6nnen erfordert aber nicht nur Disziplin und einen starken Willen, sondern auch finanzielle Unterst\u00fctzung, damit die talentierten Athlet:innen ihre sportliche Karriere effektiv gestalten k\u00f6nnen und gleichzeitig ihre beruflichen Ziele nicht aus den Augen verlieren.<br \/>\nIch bin deshalb stolz darauf, die seit 55 Jahren bestehende Frankfurter SportStiftung, ohne deren Engagement die dringend notwendige F\u00f6rderung von Frankfurter Sportler:innen im Spitzen- und auch im Nachwuchssport undenkbar w\u00e4re, als Schirmherr unterst\u00fctzen zu d\u00fcrfen.\u201c<br \/>\n&#8220; name=&#8220;Gru\u00dfwort von Oberb\u00fcrgermeister Mike Josef&#8220; subtitle=&#8220;Mike Josef Oberb\u00fcrgermeister der Stadt Frankfurt am Main Schirmherr der Frankfurter SportStiftung&#8220;][\/vc_column][vc_column column_padding=&#8220;no-extra-padding&#8220; column_padding_tablet=&#8220;inherit&#8220; column_padding_phone=&#8220;inherit&#8220; column_padding_position=&#8220;all&#8220; column_element_spacing=&#8220;default&#8220; background_color_opacity=&#8220;1&#8243; background_hover_color_opacity=&#8220;1&#8243; column_shadow=&#8220;none&#8220; column_border_radius=&#8220;none&#8220; column_link_target=&#8220;_self&#8220; column_position=&#8220;default&#8220; gradient_direction=&#8220;left_to_right&#8220; overlay_strength=&#8220;0.3&#8243; width=&#8220;1\/2&#8243; tablet_width_inherit=&#8220;default&#8220; tablet_text_alignment=&#8220;default&#8220; phone_text_alignment=&#8220;default&#8220; animation_type=&#8220;default&#8220; bg_image_animation=&#8220;none&#8220; border_type=&#8220;simple&#8220; column_border_width=&#8220;none&#8220; column_border_style=&#8220;solid&#8220;][image_with_animation image_url=&#8220;652&#8243; image_size=&#8220;full&#8220; animation_type=&#8220;entrance&#8220; animation=&#8220;Fade In&#8220; hover_animation=&#8220;none&#8220; alignment=&#8220;&#8220; border_radius=&#8220;none&#8220; box_shadow=&#8220;none&#8220; image_loading=&#8220;default&#8220; max_width=&#8220;100%&#8220; max_width_mobile=&#8220;default&#8220;][carousel script=&#8220;simple_slider&#8220; simple_slider_sizing=&#8220;aspect_ratio&#8220; simple_slider_aspect_ratio=&#8220;1-1&#8243; simple_slider_transition_type=&#8220;slide&#8220;][item simple_slider_bg_image_position=&#8220;default&#8220; simple_slider_overlay_strength=&#8220;0.3&#8243; simple_slider_bg_image_loading=&#8220;default&#8220; id=&#8220;1769705174084-9&#8243; tab_id=&#8220;1769705174085-0&#8243; title=&#8220;Anzahl&#8220;][vc_column_text]<img loading=\"lazy\" decoding=\"async\" class=\"size-medium wp-image-652\" src=\"https:\/\/frankfurter-sportstiftung.de\/wp-content\/uploads\/2024\/03\/Mike_Josef_OB-FFM-03-3_2x3_30cm-Bild-Oliver-Tamagnini-200x300.jpg\" alt=\"\" width=\"200\" height=\"300\" srcset=\"https:\/\/frankfurter-sportstiftung.de\/wp-content\/uploads\/2024\/03\/Mike_Josef_OB-FFM-03-3_2x3_30cm-Bild-Oliver-Tamagnini-200x300.jpg 200w, https:\/\/frankfurter-sportstiftung.de\/wp-content\/uploads\/2024\/03\/Mike_Josef_OB-FFM-03-3_2x3_30cm-Bild-Oliver-Tamagnini-683x1024.jpg 683w, https:\/\/frankfurter-sportstiftung.de\/wp-content\/uploads\/2024\/03\/Mike_Josef_OB-FFM-03-3_2x3_30cm-Bild-Oliver-Tamagnini-768x1152.jpg 768w, https:\/\/frankfurter-sportstiftung.de\/wp-content\/uploads\/2024\/03\/Mike_Josef_OB-FFM-03-3_2x3_30cm-Bild-Oliver-Tamagnini-1024x1536.jpg 1024w, https:\/\/frankfurter-sportstiftung.de\/wp-content\/uploads\/2024\/03\/Mike_Josef_OB-FFM-03-3_2x3_30cm-Bild-Oliver-Tamagnini-1365x2048.jpg 1365w, https:\/\/frankfurter-sportstiftung.de\/wp-content\/uploads\/2024\/03\/Mike_Josef_OB-FFM-03-3_2x3_30cm-Bild-Oliver-Tamagnini-scaled.jpg 1707w\" sizes=\"auto, (max-width: 200px) 100vw, 200px\" \/>[\/vc_column_text][\/item][item simple_slider_bg_image_position=&#8220;default&#8220; simple_slider_overlay_strength=&#8220;0.3&#8243; simple_slider_bg_image_loading=&#8220;default&#8220; id=&#8220;1769705174102-6&#8243; tab_id=&#8220;1769705174102-4&#8243; title=&#8220;Anzahl&#8220;][vc_column_text] Add Content Here [\/vc_column_text][\/item][item simple_slider_bg_image_position=&#8220;default&#8220; simple_slider_overlay_strength=&#8220;0.3&#8243; simple_slider_bg_image_loading=&#8220;default&#8220; id=&#8220;1769705174119-2&#8243; tab_id=&#8220;1769705174119-9&#8243; title=&#8220;Anzahl&#8220;][vc_column_text] Add Content Here [\/vc_column_text][\/item][\/carousel][\/vc_column][vc_column column_padding=&#8220;no-extra-padding&#8220; column_padding_tablet=&#8220;inherit&#8220; column_padding_phone=&#8220;inherit&#8220; column_padding_position=&#8220;all&#8220; column_element_spacing=&#8220;default&#8220; background_color_opacity=&#8220;1&#8243; background_hover_color_opacity=&#8220;1&#8243; column_shadow=&#8220;none&#8220; column_border_radius=&#8220;none&#8220; column_link_target=&#8220;_self&#8220; column_position=&#8220;default&#8220; gradient_direction=&#8220;left_to_right&#8220; overlay_strength=&#8220;0.3&#8243; width=&#8220;1\/1&#8243; tablet_width_inherit=&#8220;default&#8220; tablet_text_alignment=&#8220;default&#8220; phone_text_alignment=&#8220;default&#8220; animation_type=&#8220;default&#8220; bg_image_animation=&#8220;none&#8220; border_type=&#8220;simple&#8220; column_border_width=&#8220;none&#8220; column_border_style=&#8220;solid&#8220;][vc_column_text]I am text block. Click edit button to change this text. Lorem ipsum dolor sit amet, consectetur adipiscing elit. Ut elit tellus, luctus nec ullamcorper mattis, pulvinar dapibus leo.[\/vc_column_text][\/vc_column][\/vc_row][vc_row type=&#8220;in_container&#8220; full_screen_row_position=&#8220;middle&#8220; column_margin=&#8220;default&#8220; column_direction=&#8220;default&#8220; column_direction_tablet=&#8220;default&#8220; column_direction_phone=&#8220;default&#8220; scene_position=&#8220;center&#8220; text_color=&#8220;dark&#8220; text_align=&#8220;left&#8220; row_border_radius=&#8220;none&#8220; row_border_radius_applies=&#8220;bg&#8220; overflow=&#8220;visible&#8220; overlay_strength=&#8220;0.3&#8243; gradient_direction=&#8220;left_to_right&#8220; shape_divider_position=&#8220;bottom&#8220; bg_image_animation=&#8220;none&#8220;][vc_column column_padding=&#8220;no-extra-padding&#8220; column_padding_tablet=&#8220;inherit&#8220; column_padding_phone=&#8220;inherit&#8220; column_padding_position=&#8220;all&#8220; column_element_spacing=&#8220;default&#8220; background_color_opacity=&#8220;1&#8243; background_hover_color_opacity=&#8220;1&#8243; column_shadow=&#8220;none&#8220; column_border_radius=&#8220;none&#8220; column_link_target=&#8220;_self&#8220; column_position=&#8220;default&#8220; gradient_direction=&#8220;left_to_right&#8220; overlay_strength=&#8220;0.3&#8243; width=&#8220;1\/1&#8243; tablet_width_inherit=&#8220;default&#8220; tablet_text_alignment=&#8220;default&#8220; phone_text_alignment=&#8220;default&#8220; animation_type=&#8220;default&#8220; bg_image_animation=&#8220;none&#8220; border_type=&#8220;simple&#8220; column_border_width=&#8220;none&#8220; column_border_style=&#8220;solid&#8220;][divider line_type=&#8220;No Line&#8220; custom_height=&#8220;50px&#8220;][divider line_type=&#8220;No Line&#8220; custom_height=&#8220;50px&#8220;][\/vc_column][\/vc_row][vc_row type=&#8220;in_container&#8220; full_screen_row_position=&#8220;middle&#8220; column_margin=&#8220;50px&#8220; column_direction=&#8220;default&#8220; column_direction_tablet=&#8220;default&#8220; column_direction_phone=&#8220;default&#8220; scene_position=&#8220;center&#8220; text_color=&#8220;dark&#8220; text_align=&#8220;left&#8220; row_border_radius=&#8220;none&#8220; row_border_radius_applies=&#8220;bg&#8220; overflow=&#8220;visible&#8220; advanced_gradient_angle=&#8220;0&#8243; overlay_strength=&#8220;0.3&#8243; gradient_direction=&#8220;left_to_right&#8220; shape_divider_position=&#8220;bottom&#8220; bg_image_animation=&#8220;none&#8220; gradient_type=&#8220;default&#8220; shape_type=&#8220;&#8220;][vc_column column_padding=&#8220;no-extra-padding&#8220; column_padding_tablet=&#8220;inherit&#8220; column_padding_phone=&#8220;inherit&#8220; column_padding_position=&#8220;all&#8220; column_element_spacing=&#8220;default&#8220; background_color_opacity=&#8220;1&#8243; background_hover_color_opacity=&#8220;1&#8243; column_shadow=&#8220;none&#8220; column_border_radius=&#8220;none&#8220; column_link_target=&#8220;_self&#8220; column_position=&#8220;default&#8220; gradient_direction=&#8220;left_to_right&#8220; overlay_strength=&#8220;0.3&#8243; width=&#8220;1\/2&#8243; tablet_width_inherit=&#8220;default&#8220; tablet_text_alignment=&#8220;default&#8220; phone_text_alignment=&#8220;default&#8220; animation_type=&#8220;default&#8220; bg_image_animation=&#8220;none&#8220; border_type=&#8220;simple&#8220; column_border_width=&#8220;none&#8220; column_border_style=&#8220;solid&#8220;][image_with_animation image_url=&#8220;281&#8243; image_size=&#8220;full&#8220; animation_type=&#8220;entrance&#8220; animation=&#8220;Fade In&#8220; hover_animation=&#8220;none&#8220; alignment=&#8220;&#8220; border_radius=&#8220;none&#8220; box_shadow=&#8220;none&#8220; image_loading=&#8220;default&#8220; max_width=&#8220;100%&#8220; max_width_mobile=&#8220;default&#8220;][\/vc_column][vc_column column_padding=&#8220;no-extra-padding&#8220; column_padding_tablet=&#8220;inherit&#8220; column_padding_phone=&#8220;inherit&#8220; column_padding_position=&#8220;all&#8220; column_element_spacing=&#8220;default&#8220; background_color_opacity=&#8220;1&#8243; background_hover_color_opacity=&#8220;1&#8243; column_shadow=&#8220;none&#8220; column_border_radius=&#8220;none&#8220; column_link_target=&#8220;_self&#8220; column_position=&#8220;default&#8220; gradient_direction=&#8220;left_to_right&#8220; overlay_strength=&#8220;0.3&#8243; width=&#8220;1\/2&#8243; tablet_width_inherit=&#8220;default&#8220; tablet_text_alignment=&#8220;default&#8220; phone_text_alignment=&#8220;default&#8220; animation_type=&#8220;default&#8220; bg_image_animation=&#8220;none&#8220; border_type=&#8220;simple&#8220; column_border_width=&#8220;none&#8220; column_border_style=&#8220;solid&#8220;][vc_column_text]\n<h2>Unterst\u00fctzen Sie die kleinen und gro\u00dfen Frankfurter Sportler:innen!<\/h2>\n<h2><span class=\"redText\">Spenden Sie jetzt!<\/span><\/h2>\n<p>&nbsp;<\/p>\n<h3>Stiftungskonto:<img loading=\"lazy\" decoding=\"async\" class=\"wp-image-476 alignright\" src=\"https:\/\/frankfurter-sportstiftung.de\/wp-content\/uploads\/2023\/03\/QR-Bank-FSS-300x300.png\" alt=\"\" width=\"199\" height=\"199\" srcset=\"https:\/\/frankfurter-sportstiftung.de\/wp-content\/uploads\/2023\/03\/QR-Bank-FSS.png 300w, https:\/\/frankfurter-sportstiftung.de\/wp-content\/uploads\/2023\/03\/QR-Bank-FSS-150x150.png 150w, https:\/\/frankfurter-sportstiftung.de\/wp-content\/uploads\/2023\/03\/QR-Bank-FSS-100x100.png 100w, https:\/\/frankfurter-sportstiftung.de\/wp-content\/uploads\/2023\/03\/QR-Bank-FSS-140x140.png 140w\" sizes=\"auto, (max-width: 199px) 100vw, 199px\" \/><\/h3>\n<p>&nbsp;<\/p>\n<p>Frankfurter Sparkasse<\/p>\n<p>IBAN: DE77 5005 0201 0200 4023 07<br \/>\nSWIFT-BIC: HELADEF1822[\/vc_column_text][vc_column_text]Auf Wunsch k\u00f6nnen Spendenbescheinigungen direkt bei der Gesch\u00e4ftsstelle angefordert werden. (EPC-QR kann mit einigen ausgew\u00e4hlten Banken funktionieren.)[\/vc_column_text][\/vc_column][\/vc_row][vc_row type=&#8220;in_container&#8220; full_screen_row_position=&#8220;middle&#8220; column_margin=&#8220;50px&#8220; column_direction=&#8220;default&#8220; column_direction_tablet=&#8220;default&#8220; column_direction_phone=&#8220;default&#8220; scene_position=&#8220;center&#8220; text_color=&#8220;dark&#8220; text_align=&#8220;left&#8220; row_border_radius=&#8220;none&#8220; row_border_radius_applies=&#8220;bg&#8220; overflow=&#8220;visible&#8220; advanced_gradient_angle=&#8220;0&#8243; overlay_strength=&#8220;0.3&#8243; gradient_direction=&#8220;left_to_right&#8220; shape_divider_position=&#8220;bottom&#8220; bg_image_animation=&#8220;none&#8220; gradient_type=&#8220;default&#8220; shape_type=&#8220;&#8220;][vc_column column_padding=&#8220;no-extra-padding&#8220; column_padding_tablet=&#8220;inherit&#8220; column_padding_phone=&#8220;inherit&#8220; column_padding_position=&#8220;all&#8220; column_element_spacing=&#8220;default&#8220; background_color_opacity=&#8220;1&#8243; background_hover_color_opacity=&#8220;1&#8243; column_shadow=&#8220;none&#8220; column_border_radius=&#8220;none&#8220; column_link_target=&#8220;_self&#8220; column_position=&#8220;default&#8220; gradient_direction=&#8220;left_to_right&#8220; overlay_strength=&#8220;0.3&#8243; width=&#8220;1\/2&#8243; tablet_width_inherit=&#8220;default&#8220; tablet_text_alignment=&#8220;default&#8220; phone_text_alignment=&#8220;default&#8220; animation_type=&#8220;default&#8220; bg_image_animation=&#8220;none&#8220; border_type=&#8220;simple&#8220; column_border_width=&#8220;none&#8220; column_border_style=&#8220;solid&#8220;][image_with_animation image_url=&#8220;281&#8243; image_size=&#8220;full&#8220; animation_type=&#8220;entrance&#8220; animation=&#8220;Fade In&#8220; hover_animation=&#8220;none&#8220; alignment=&#8220;&#8220; border_radius=&#8220;none&#8220; box_shadow=&#8220;none&#8220; image_loading=&#8220;default&#8220; max_width=&#8220;100%&#8220; max_width_mobile=&#8220;default&#8220;][\/vc_column][vc_column column_padding=&#8220;no-extra-padding&#8220; column_padding_tablet=&#8220;inherit&#8220; column_padding_phone=&#8220;inherit&#8220; column_padding_position=&#8220;all&#8220; column_element_spacing=&#8220;default&#8220; background_color_opacity=&#8220;1&#8243; background_hover_color_opacity=&#8220;1&#8243; column_shadow=&#8220;none&#8220; column_border_radius=&#8220;none&#8220; column_link_target=&#8220;_self&#8220; column_position=&#8220;default&#8220; gradient_direction=&#8220;left_to_right&#8220; overlay_strength=&#8220;0.3&#8243; width=&#8220;1\/2&#8243; tablet_width_inherit=&#8220;default&#8220; tablet_text_alignment=&#8220;default&#8220; phone_text_alignment=&#8220;default&#8220; animation_type=&#8220;default&#8220; bg_image_animation=&#8220;none&#8220; border_type=&#8220;simple&#8220; column_border_width=&#8220;none&#8220; column_border_style=&#8220;solid&#8220;][vc_column_text]\n<h2>Unterst\u00fctzen Sie die kleinen und gro\u00dfen Frankfurter Sportler:innen!<\/h2>\n<h2><span class=\"redText\">Spenden Sie jetzt!<\/span><\/h2>\n<p>&nbsp;<\/p>\n<h3>Stiftungskonto:<img loading=\"lazy\" decoding=\"async\" class=\"wp-image-476 alignright\" src=\"https:\/\/frankfurter-sportstiftung.de\/wp-content\/uploads\/2023\/03\/QR-Bank-FSS-300x300.png\" alt=\"\" width=\"199\" height=\"199\" srcset=\"https:\/\/frankfurter-sportstiftung.de\/wp-content\/uploads\/2023\/03\/QR-Bank-FSS.png 300w, https:\/\/frankfurter-sportstiftung.de\/wp-content\/uploads\/2023\/03\/QR-Bank-FSS-150x150.png 150w, https:\/\/frankfurter-sportstiftung.de\/wp-content\/uploads\/2023\/03\/QR-Bank-FSS-100x100.png 100w, https:\/\/frankfurter-sportstiftung.de\/wp-content\/uploads\/2023\/03\/QR-Bank-FSS-140x140.png 140w\" sizes=\"auto, (max-width: 199px) 100vw, 199px\" \/><\/h3>\n<p>&nbsp;<\/p>\n<p>Frankfurter Sparkasse<\/p>\n<p>IBAN: DE77 5005 0201 0200 4023 07<br \/>\nSWIFT-BIC: HELADEF1822[\/vc_column_text][vc_column_text]Auf Wunsch k\u00f6nnen Spendenbescheinigungen direkt bei der Gesch\u00e4ftsstelle angefordert werden. (EPC-QR kann mit einigen ausgew\u00e4hlten Banken funktionieren.)[\/vc_column_text][\/vc_column][\/vc_row]\n","protected":false},"excerpt":{"rendered":"<p>[vc_row type=&#8220;in_container&#8220; full_screen_row_position=&#8220;middle&#8220; column_margin=&#8220;default&#8220; column_direction=&#8220;default&#8220; column_direction_tablet=&#8220;default&#8220; column_direction_phone=&#8220;default&#8220; scene_position=&#8220;center&#8220; text_color=&#8220;dark&#8220; text_align=&#8220;left&#8220; row_border_radius=&#8220;none&#8220; row_border_radius_applies=&#8220;bg&#8220; overflow=&#8220;visible&#8220; overlay_strength=&#8220;0.3&#8243; gradient_direction=&#8220;left_to_right&#8220; shape_divider_position=&#8220;bottom&#8220; bg_image_animation=&#8220;none&#8220;][vc_column column_padding=&#8220;no-extra-padding&#8220; column_padding_tablet=&#8220;inherit&#8220; column_padding_phone=&#8220;inherit&#8220; column_padding_position=&#8220;all&#8220; column_element_spacing=&#8220;default&#8220; background_color_opacity=&#8220;1&#8243; background_hover_color_opacity=&#8220;1&#8243; column_shadow=&#8220;none&#8220; column_border_radius=&#8220;none&#8220; column_link_target=&#8220;_self&#8220; column_position=&#8220;default&#8220; gradient_direction=&#8220;left_to_right&#8220; overlay_strength=&#8220;0.3&#8243;&#8230;<\/p>\n","protected":false},"author":1,"featured_media":0,"parent":0,"menu_order":0,"comment_status":"closed","ping_status":"closed","template":"","meta":{"footnotes":""},"class_list":["post-658","page","type-page","status-publish"],"_links":{"self":[{"href":"https:\/\/frankfurter-sportstiftung.de\/index.php\/wp-json\/wp\/v2\/pages\/658","targetHints":{"allow":["GET"]}}],"collection":[{"href":"https:\/\/frankfurter-sportstiftung.de\/index.php\/wp-json\/wp\/v2\/pages"}],"about":[{"href":"https:\/\/frankfurter-sportstiftung.de\/index.php\/wp-json\/wp\/v2\/types\/page"}],"author":[{"embeddable":true,"href":"https:\/\/frankfurter-sportstiftung.de\/index.php\/wp-json\/wp\/v2\/users\/1"}],"replies":[{"embeddable":true,"href":"https:\/\/frankfurter-sportstiftung.de\/index.php\/wp-json\/wp\/v2\/comments?post=658"}],"version-history":[{"count":8,"href":"https:\/\/frankfurter-sportstiftung.de\/index.php\/wp-json\/wp\/v2\/pages\/658\/revisions"}],"predecessor-version":[{"id":713,"href":"https:\/\/frankfurter-sportstiftung.de\/index.php\/wp-json\/wp\/v2\/pages\/658\/revisions\/713"}],"wp:attachment":[{"href":"https:\/\/frankfurter-sportstiftung.de\/index.php\/wp-json\/wp\/v2\/media?parent=658"}],"curies":[{"name":"wp","href":"https:\/\/api.w.org\/{rel}","templated":true}]}}