{"id":729,"date":"2026-01-31T14:13:16","date_gmt":"2026-01-31T14:13:16","guid":{"rendered":"https:\/\/frankfurter-sportstiftung.de\/?page_id=729"},"modified":"2026-02-01T14:43:00","modified_gmt":"2026-02-01T14:43:00","slug":"spenden","status":"publish","type":"page","link":"https:\/\/frankfurter-sportstiftung.de\/index.php\/spenden\/","title":{"rendered":"Spenden"},"content":{"rendered":"[vc_row type=&#8220;in_container&#8220; full_screen_row_position=&#8220;middle&#8220; column_margin=&#8220;default&#8220; column_direction=&#8220;default&#8220; column_direction_tablet=&#8220;default&#8220; column_direction_phone=&#8220;default&#8220; scene_position=&#8220;center&#8220; text_color=&#8220;dark&#8220; text_align=&#8220;left&#8220; row_border_radius=&#8220;none&#8220; row_border_radius_applies=&#8220;bg&#8220; overflow=&#8220;visible&#8220; overlay_strength=&#8220;0.3&#8243; gradient_direction=&#8220;left_to_right&#8220; shape_divider_position=&#8220;bottom&#8220; bg_image_animation=&#8220;none&#8220;][vc_column column_padding=&#8220;no-extra-padding&#8220; column_padding_tablet=&#8220;inherit&#8220; column_padding_phone=&#8220;inherit&#8220; column_padding_position=&#8220;all&#8220; column_element_spacing=&#8220;default&#8220; background_color_opacity=&#8220;1&#8243; background_hover_color_opacity=&#8220;1&#8243; column_shadow=&#8220;none&#8220; column_border_radius=&#8220;none&#8220; column_link_target=&#8220;_self&#8220; column_position=&#8220;default&#8220; gradient_direction=&#8220;left_to_right&#8220; overlay_strength=&#8220;0.3&#8243; width=&#8220;1\/1&#8243; tablet_width_inherit=&#8220;default&#8220; tablet_text_alignment=&#8220;default&#8220; phone_text_alignment=&#8220;default&#8220; animation_type=&#8220;default&#8220; bg_image_animation=&#8220;none&#8220; border_type=&#8220;simple&#8220; column_border_width=&#8220;none&#8220; column_border_style=&#8220;solid&#8220;][split_line_heading animation_type=&#8220;twist-in&#8220; font_style=&#8220;h1&#8243; text_color=&#8220;#dd3333&#8243; content_alignment=&#8220;default&#8220; mobile_content_alignment=&#8220;inherit&#8220; link_target=&#8220;_self&#8220; text_content=&#8220;Spenden&#8220;][\/split_line_heading][vc_column_text]\n<div>Die Frankfurter Sportstiftung begleitet seit vielen Jahren Sportlerinnen und Sportler auf ihrem Weg zu sportlichen H\u00f6chstleistungen. Unsere Athletinnen und Athleten investieren t\u00e4glich Zeit, Energie und Leidenschaft in ihren Sport \u2013 oft unter herausfordernden finanziellen Bedingungen. Mit einer Spende tragen Sie unmittelbar dazu bei, dass Talente aus Frankfurt die Unterst\u00fctzung erhalten, die sie f\u00fcr ihre sportliche und pers\u00f6nliche Entwicklung ben\u00f6tigen.<\/div>\n[\/vc_column_text][split_line_heading animation_type=&#8220;twist-in&#8220; font_style=&#8220;h2&#8243; text_color=&#8220;#dd3333&#8243; content_alignment=&#8220;default&#8220; mobile_content_alignment=&#8220;inherit&#8220; link_target=&#8220;_self&#8220; text_content=&#8220;Spendenkonto&#8220;][\/split_line_heading][vc_column_text]\n<h3><\/h3>\n<p><strong>Frankfurter Sportstiftung<\/strong><br \/>\nFrankfurter Sparkasse 1822<br \/>\nIBAN: DE77 5005 0201 0200 4023 07<br \/>\nBIC: HELADEF1822[\/vc_column_text][split_line_heading animation_type=&#8220;twist-in&#8220; font_style=&#8220;h2&#8243; text_color=&#8220;#dd3333&#8243; content_alignment=&#8220;default&#8220; mobile_content_alignment=&#8220;inherit&#8220; link_target=&#8220;_self&#8220; text_content=&#8220;Spendenbescheinigung&#8220;][\/split_line_heading][vc_column_text]Sie haben mehr als 300 Euro gespendet? Gerne stellen wir Ihnen eine Spendenbescheinigung aus.<br \/>\nSenden Sie uns daf\u00fcr das <a href=\"https:\/\/frankfurter-sportstiftung.de\/wp-content\/uploads\/2026\/02\/Formular-zur-Ausstellung-einer-Spendenbescheinigung.pdf\">Formular zur Ausstellung einer Spendenbescheinigung<\/a> an <a href=\"mailto:info@frankfurter-sportstiftung.de\">info@frankfurter-sportstiftung.de.<\/a>[\/vc_column_text][split_line_heading animation_type=&#8220;twist-in&#8220; font_style=&#8220;h2&#8243; text_color=&#8220;#dd3333&#8243; content_alignment=&#8220;default&#8220; mobile_content_alignment=&#8220;inherit&#8220; link_target=&#8220;_self&#8220; text_content=&#8220;Steuerliche Abzugsf\u00e4higkeit&#8220;][\/split_line_heading][vc_column_text]\n<h3><\/h3>\n<p>Spenden an die Frankfurter Sportstiftung sind steuerlich abzugsf\u00e4hig. Die Absetzung ist nach \u00a7 10b Einkommensteuergesetz (EStG) m\u00f6glich.[\/vc_column_text][split_line_heading animation_type=&#8220;twist-in&#8220; font_style=&#8220;h2&#8243; text_color=&#8220;#dd3333&#8243; content_alignment=&#8220;default&#8220; mobile_content_alignment=&#8220;inherit&#8220; link_target=&#8220;_self&#8220; text_content=&#8220;Vereinfachter Spendennachweis bis 300 Euro&#8220;][\/split_line_heading][vc_column_text]\n<p>Spenden bis einschlie\u00dflich 300 Euro k\u00f6nnen ohne \u00a0Spendenquittung (Zuwendungsbest\u00e4tigung) mit dem Einzahlungsbeleg der \u00dcberweisung beim Finanzamt eingereicht werden. F\u00fcr den vereinfachten Spendennachweis muss ein Freistellungsbescheid vorgelegt werden. Dieses \u00a0Dokument f\u00fcr den vereinfachten Spendennachweis einer Spende an die Frankfurter Sportstiftung erhalten Sie <a href=\"https:\/\/frankfurter-sportstiftung.de\/wp-content\/uploads\/2026\/01\/26.01.26_fmv_Anlage-Freistellung-KStB_2023.pdf\">hier als PDF-Datei zum Download.<\/a>[\/vc_column_text][divider line_type=&#8220;No Line&#8220;][\/vc_column][\/vc_row]\n","protected":false},"excerpt":{"rendered":"<p>[vc_row type=&#8220;in_container&#8220; full_screen_row_position=&#8220;middle&#8220; column_margin=&#8220;default&#8220; column_direction=&#8220;default&#8220; column_direction_tablet=&#8220;default&#8220; column_direction_phone=&#8220;default&#8220; scene_position=&#8220;center&#8220; text_color=&#8220;dark&#8220; text_align=&#8220;left&#8220; row_border_radius=&#8220;none&#8220; row_border_radius_applies=&#8220;bg&#8220; overflow=&#8220;visible&#8220; overlay_strength=&#8220;0.3&#8243; gradient_direction=&#8220;left_to_right&#8220; shape_divider_position=&#8220;bottom&#8220; bg_image_animation=&#8220;none&#8220;][vc_column column_padding=&#8220;no-extra-padding&#8220; column_padding_tablet=&#8220;inherit&#8220; column_padding_phone=&#8220;inherit&#8220; column_padding_position=&#8220;all&#8220; column_element_spacing=&#8220;default&#8220; background_color_opacity=&#8220;1&#8243; background_hover_color_opacity=&#8220;1&#8243; column_shadow=&#8220;none&#8220; column_border_radius=&#8220;none&#8220; column_link_target=&#8220;_self&#8220; column_position=&#8220;default&#8220; gradient_direction=&#8220;left_to_right&#8220; overlay_strength=&#8220;0.3&#8243;&#8230;<\/p>\n","protected":false},"author":2,"featured_media":737,"parent":0,"menu_order":1,"comment_status":"closed","ping_status":"closed","template":"","meta":{"footnotes":""},"class_list":["post-729","page","type-page","status-publish","has-post-thumbnail"],"_links":{"self":[{"href":"https:\/\/frankfurter-sportstiftung.de\/index.php\/wp-json\/wp\/v2\/pages\/729","targetHints":{"allow":["GET"]}}],"collection":[{"href":"https:\/\/frankfurter-sportstiftung.de\/index.php\/wp-json\/wp\/v2\/pages"}],"about":[{"href":"https:\/\/frankfurter-sportstiftung.de\/index.php\/wp-json\/wp\/v2\/types\/page"}],"author":[{"embeddable":true,"href":"https:\/\/frankfurter-sportstiftung.de\/index.php\/wp-json\/wp\/v2\/users\/2"}],"replies":[{"embeddable":true,"href":"https:\/\/frankfurter-sportstiftung.de\/index.php\/wp-json\/wp\/v2\/comments?post=729"}],"version-history":[{"count":14,"href":"https:\/\/frankfurter-sportstiftung.de\/index.php\/wp-json\/wp\/v2\/pages\/729\/revisions"}],"predecessor-version":[{"id":754,"href":"https:\/\/frankfurter-sportstiftung.de\/index.php\/wp-json\/wp\/v2\/pages\/729\/revisions\/754"}],"wp:featuredmedia":[{"embeddable":true,"href":"https:\/\/frankfurter-sportstiftung.de\/index.php\/wp-json\/wp\/v2\/media\/737"}],"wp:attachment":[{"href":"https:\/\/frankfurter-sportstiftung.de\/index.php\/wp-json\/wp\/v2\/media?parent=729"}],"curies":[{"name":"wp","href":"https:\/\/api.w.org\/{rel}","templated":true}]}}